{"id":920,"date":"2023-11-30T07:59:45","date_gmt":"2023-11-30T07:59:45","guid":{"rendered":"https:\/\/greentek.vn\/san-pham\/interior-decoration-painting-machine\/"},"modified":"2023-11-30T07:59:45","modified_gmt":"2023-11-30T07:59:45","slug":"interior-decoration-painting-machine","status":"publish","type":"product","link":"https:\/\/greentek.vn\/en\/san-pham\/interior-decoration-painting-machine\/","title":{"rendered":"Interior Decoration Painting Machine"},"content":{"rendered":"<div class=\"force-stand-font\">\n<p>The Ultra Max II 490 PC Pro airless sprayer is the ideal step-up for the professional contractor looking for superior performance and features in a small electric sprayer. The MaxPower brushless motor delivers more torque and SmartControl adjusts motor speed to match your spraying needs.<\/p>\n<ul>\n<li>Increased Productivity. Unmatched Reliability. Graco&#8217;s Midsize Electric airless sprayers make it easier to get more work done in a day with increased flow and production rates.<\/li>\n<li>Durable Endurance Chromex Piston Pump<\/li>\n<li>Lasts 2X longer than the next leading brand<\/li>\n<li>Long Life V-Max Blue Packings, Chromex rod and hardened stainless steel cylinder<\/li>\n<li>Faster cleaning with the QuikAccess intake valve<\/li>\n<li>SmartControl with Digital Display<\/li>\n<li>Even pressure delivery on every job<\/li>\n<li>Constantly monitors performance and adjusts motor speed to match your spraying needs<\/li>\n<li>Measure sprayer gallons, hours and pressure<\/li>\n<li>Provides support messages and diagnostic support<\/li>\n<li>MaxPower Motor &amp; Advantage Drive<\/li>\n<li>Proven power and performance for all painting applications<\/li>\n<li>High-torque brushless design with a Lifetime Warranty<\/li>\n<li>The longest lasting drive Hardened steel gears provide extremely quiet operation and a Lifetime Warranty<\/li>\n<li>ProConnect One-Part Pump<\/li>\n<li>Replacement System Eliminate costly downtime<\/li>\n<li>Pump swaps in minutes \u2013 no tools, pins or parts to lose<\/li>\n<li>FastFlush High-Flow Cleaning System<\/li>\n<li>More spraying &amp; less cleaning<\/li>\n<li>4X faster cleaning with \u00bd the water<\/li>\n<li>Easy Out Pump Filter<\/li>\n<li>Easy Maintenance &amp; Less Clogging<\/li>\n<li>Exclusive inside-out filtering process ensures a quality finish<\/li>\n<li>Swivel Inlet Suction Hose<\/li>\n<li>Easily reaches paint buckets<\/li>\n<li>Easy Transport<\/li>\n<li>Only 34 lbs (15.4 kg)<\/li>\n<li>Contractor PC Spray Gun<\/li>\n<li>All-Day Comfort &amp; Control<\/li>\n<li>Lightest weight gun in its class<\/li>\n<li>Up to 50% lighter trigger pull force<\/li>\n<li>E-Z Fit adjustable trigger length Complete gun rebuild in seconds with ProConnect<\/li>\n<\/ul>\n<\/div>\n<table id=\"table-specifications\" class=\"table table--convertible table-striped imperial is-expanded\">\n<tbody class=\"unconverted-value\">\n<tr>\n<th scope=\"row\">Amperage (A)<\/th>\n<td class=\"text-align--right\"><strong>12<\/strong><\/td>\n<\/tr>\n<tr>\n<th scope=\"row\">Compatible Material<\/th>\n<td class=\"text-align--right\"><strong>Lacquer, Stains, Interior Latex, Exterior Latex, Enamel, Acrylics, Oil-Based Primer<\/strong><\/td>\n<\/tr>\n<tr>\n<th scope=\"row\">Engine Size (HP)<\/th>\n<td class=\"text-align--right\"><strong>1<\/strong><\/td>\n<\/tr>\n<tr>\n<th scope=\"row\">Engine Size (kW)<\/th>\n<td class=\"text-align--right\"><strong>0.75<\/strong><\/td>\n<\/tr>\n<tr>\n<th scope=\"row\">Features<\/th>\n<td class=\"text-align--right\"><strong>Endurance Chromex Pump, SmartControl 3.0, MaxPower Brushless, Advantage Drive, ProConnect, FastFlush, Easy Out Filter, Contractor PC Gun<\/strong><\/td>\n<\/tr>\n<tr>\n<th scope=\"row\">Filter Mesh Size<\/th>\n<td class=\"text-align--right\"><strong>60<\/strong><\/td>\n<\/tr>\n<tr>\n<th scope=\"row\">Fluid Outlet Size (in)<\/th>\n<td class=\"text-align--right\"><strong>1\/4<\/strong><\/td>\n<\/tr>\n<tr>\n<th scope=\"row\">Fluid Outlet Thread Type<\/th>\n<td class=\"text-align--right\"><strong>NPSM<\/strong><\/td>\n<\/tr>\n<tr>\n<th scope=\"row\">Frame Configuration<\/th>\n<td class=\"text-align--right\"><strong>Stand<\/strong><\/td>\n<\/tr>\n<tr>\n<th scope=\"row\">Frequency (Hz)<\/th>\n<td class=\"text-align--right\"><strong>50\/60<\/strong><\/td>\n<\/tr>\n<tr class=\"expandable-table-row\">\n<th scope=\"row\">Hose Inlet Diameter (in)<\/th>\n<td class=\"text-align--right\"><strong>1\/4<\/strong><\/td>\n<\/tr>\n<tr class=\"expandable-table-row\">\n<th scope=\"row\">Includes<\/th>\n<td class=\"text-align--right\"><strong>Contractor PC Gun, RAC X LP 517 Spray Tip, RAC X Guard, 1\/4 in x 50 ft BlueMax II Airless Hose, TSL 4 oz<\/strong><\/td>\n<\/tr>\n<tr class=\"expandable-table-row\">\n<th scope=\"row\">Maximum Flow Rate (GPM)<\/th>\n<td class=\"text-align--right\"><strong>0.54<\/strong><\/td>\n<\/tr>\n<tr class=\"expandable-table-row\">\n<th scope=\"row\">Maximum Sound Pressure Level (dB(A))<\/th>\n<td class=\"text-align--right\"><strong>90<\/strong><\/td>\n<\/tr>\n<tr class=\"expandable-table-row\">\n<th scope=\"row\">Maximum Tip Size (in)<\/th>\n<td class=\"text-align--right\"><strong>0.023<\/strong><\/td>\n<\/tr>\n<tr class=\"expandable-table-row\">\n<th scope=\"row\">Maximum Tip Size 1 Gun (in)<\/th>\n<td class=\"text-align--right\"><strong>0.023<\/strong><\/td>\n<\/tr>\n<tr class=\"expandable-table-row\">\n<th scope=\"row\">Maximum Working Pressure (MPa)<\/th>\n<td class=\"text-align--right\"><strong>22.8<\/strong><\/td>\n<\/tr>\n<tr class=\"expandable-table-row\">\n<th scope=\"row\">Maximum Working Pressure (psi)<\/th>\n<td class=\"text-align--right\"><strong>3300<\/strong><\/td>\n<\/tr>\n<tr class=\"expandable-table-row\">\n<th scope=\"row\">Minimum Generator Power (W)<\/th>\n<td class=\"text-align--right\"><strong>3500<\/strong><\/td>\n<\/tr>\n<tr class=\"expandable-table-row\">\n<th scope=\"row\">Model<\/th>\n<td class=\"text-align--right\"><strong>Ultra Max II<\/strong><\/td>\n<\/tr>\n<tr class=\"expandable-table-row\">\n<th scope=\"row\">Motor Type<\/th>\n<td class=\"text-align--right\"><strong>MaxPower<\/strong><\/td>\n<\/tr>\n<tr class=\"expandable-table-row\">\n<th scope=\"row\">Number of Guns<\/th>\n<td class=\"text-align--right\"><strong>1<\/strong><\/td>\n<\/tr>\n<tr class=\"expandable-table-row\">\n<th scope=\"row\">Overall Height (in)<\/th>\n<td class=\"text-align--right\"><strong>18.5<\/strong><\/td>\n<\/tr>\n<tr class=\"expandable-table-row\">\n<th scope=\"row\">Overall Length (in)<\/th>\n<td class=\"text-align--right\"><strong>16<\/strong><\/td>\n<\/tr>\n<tr class=\"expandable-table-row\">\n<th scope=\"row\">Overall Width (in)<\/th>\n<td class=\"text-align--right\"><strong>14<\/strong><\/td>\n<\/tr>\n<tr class=\"expandable-table-row\">\n<th scope=\"row\">Phase<\/th>\n<td class=\"text-align--right\"><strong>1<\/strong><\/td>\n<\/tr>\n<tr class=\"expandable-table-row\">\n<th scope=\"row\">Power Rating (HP)<\/th>\n<td class=\"text-align--right\"><strong>1.0<\/strong><\/td>\n<\/tr>\n<tr class=\"expandable-table-row\">\n<th scope=\"row\">Power Rating (W)<\/th>\n<td class=\"text-align--right\"><strong>746<\/strong><\/td>\n<\/tr>\n<tr class=\"expandable-table-row\">\n<th scope=\"row\">Power Rating (kW)<\/th>\n<td class=\"text-align--right\"><strong>0.75<\/strong><\/td>\n<\/tr>\n<tr class=\"expandable-table-row\">\n<th scope=\"row\">Power Source<\/th>\n<td class=\"text-align--right\"><strong>Electric<\/strong><\/td>\n<\/tr>\n<tr class=\"expandable-table-row\">\n<th scope=\"row\">Pressure Control Type<\/th>\n<td class=\"text-align--right\"><strong>SmartControl 3.0<\/strong><\/td>\n<\/tr>\n<tr class=\"expandable-table-row\">\n<th scope=\"row\">Pump Mount Type<\/th>\n<td class=\"text-align--right\"><strong>ProConnect<\/strong><\/td>\n<\/tr>\n<tr class=\"expandable-table-row\">\n<th scope=\"row\">Pump Type<\/th>\n<td class=\"text-align--right\"><strong>Endurance<\/strong><\/td>\n<\/tr>\n<tr class=\"expandable-table-row\">\n<th scope=\"row\">Recommended Annual Usage<\/th>\n<td class=\"text-align--right\"><strong>50-100 gallons per week<\/strong><\/td>\n<\/tr>\n<tr class=\"expandable-table-row\">\n<th scope=\"row\">Series<\/th>\n<td class=\"text-align--right\"><strong>490 PC Pro<\/strong><\/td>\n<\/tr>\n<tr class=\"expandable-table-row\">\n<th scope=\"row\">Type<\/th>\n<td class=\"text-align--right\"><strong>Airless Sprayer<\/strong><\/td>\n<\/tr>\n<tr class=\"expandable-table-row\">\n<th scope=\"row\">Voltage (V)<\/th>\n<td class=\"text-align--right\"><strong>120<\/strong><\/td>\n<\/tr>\n<tr class=\"expandable-table-row\">\n<th scope=\"row\">Volume Per Cycle (cycles\/gal)<\/th>\n<td class=\"text-align--right\"><strong>620<\/strong><\/td>\n<\/tr>\n<tr class=\"expandable-table-row\">\n<th scope=\"row\">Weight (lb)<\/th>\n<td class=\"text-align--right\"><strong>34<\/strong><\/td>\n<\/tr>\n<tr class=\"expandable-table-row\">\n<th scope=\"row\">Wetted Material<\/th>\n<td class=\"text-align--right\"><strong>Acetal, Aluminum, Fluoroelastomer, Leather, Nylon, PTFE, Polyethylene, Stainless Steel, Tungsten Carbide, UHMWPE, Urethane, Zinc-Plated Carbon Steel, Nickel-Plated Carbon Steel<\/strong><\/td>\n<\/tr>\n<\/tbody>\n<\/table>\n","protected":false},"excerpt":{"rendered":"<p>M\u00e1y phun s\u01a1n Ultra Max II 490 PC Pro l\u00e0 b\u01b0\u1edbc ti\u1ebfn l\u00fd t\u01b0\u1edfng cho nh\u00e0 th\u1ea7u chuy\u00ean nghi\u1ec7p t\u00ecm ki\u1ebfm hi\u1ec7u su\u1ea5t v\u00e0 t\u00ednh n\u0103ng v\u01b0\u1ee3t tr\u1ed9i trong m\u1ed9t m\u00e1y phun nh\u1ecf \u0111i\u1ec7n. The MaxPower brushless motor delivers more torque and SmartControl adjusts motor speed to match your spraying needs.<\/p>\n","protected":false},"featured_media":854,"comment_status":"closed","ping_status":"closed","template":"","meta":{"site-sidebar-layout":"default","site-content-layout":"","ast-site-content-layout":"","site-content-style":"default","site-sidebar-style":"default","ast-global-header-display":"","ast-banner-title-visibility":"","ast-main-header-display":"","ast-hfb-above-header-display":"","ast-hfb-below-header-display":"","ast-hfb-mobile-header-display":"","site-post-title":"","ast-breadcrumbs-content":"","ast-featured-img":"","footer-sml-layout":"","theme-transparent-header-meta":"default","adv-header-id-meta":"","stick-header-meta":"","header-above-stick-meta":"","header-main-stick-meta":"","header-below-stick-meta":"","astra-migrate-meta-layouts":"","ast-page-background-enabled":"default","ast-page-background-meta":{"desktop":{"background-color":"","background-image":"","background-repeat":"repeat","background-position":"center center","background-size":"auto","background-attachment":"scroll","background-type":"","background-media":"","overlay-type":"","overlay-color":"","overlay-gradient":""},"tablet":{"background-color":"","background-image":"","background-repeat":"repeat","background-position":"center center","background-size":"auto","background-attachment":"scroll","background-type":"","background-media":"","overlay-type":"","overlay-color":"","overlay-gradient":""},"mobile":{"background-color":"","background-image":"","background-repeat":"repeat","background-position":"center center","background-size":"auto","background-attachment":"scroll","background-type":"","background-media":"","overlay-type":"","overlay-color":"","overlay-gradient":""}},"ast-content-background-meta":{"desktop":{"background-color":"var(--ast-global-color-5)","background-image":"","background-repeat":"repeat","background-position":"center center","background-size":"auto","background-attachment":"scroll","background-type":"","background-media":"","overlay-type":"","overlay-color":"","overlay-gradient":""},"tablet":{"background-color":"var(--ast-global-color-5)","background-image":"","background-repeat":"repeat","background-position":"center center","background-size":"auto","background-attachment":"scroll","background-type":"","background-media":"","overlay-type":"","overlay-color":"","overlay-gradient":""},"mobile":{"background-color":"var(--ast-global-color-5)","background-image":"","background-repeat":"repeat","background-position":"center center","background-size":"auto","background-attachment":"scroll","background-type":"","background-media":"","overlay-type":"","overlay-color":"","overlay-gradient":""}}},"product_cat":[64],"product_tag":[],"class_list":{"0":"post-920","1":"product","2":"type-product","3":"status-publish","4":"has-post-thumbnail","6":"product_cat-interior-decorative-paint","7":"desktop-align-left","8":"tablet-align-left","9":"mobile-align-left","10":"ast-product-gallery-layout-horizontal-slider","11":"ast-magnify-disabled","12":"ast-product-tabs-layout-accordion","14":"first","15":"instock","16":"shipping-taxable","17":"product-type-simple"},"jetpack_sharing_enabled":true,"_links":{"self":[{"href":"https:\/\/greentek.vn\/en\/wp-json\/wp\/v2\/product\/920","targetHints":{"allow":["GET"]}}],"collection":[{"href":"https:\/\/greentek.vn\/en\/wp-json\/wp\/v2\/product"}],"about":[{"href":"https:\/\/greentek.vn\/en\/wp-json\/wp\/v2\/types\/product"}],"replies":[{"embeddable":true,"href":"https:\/\/greentek.vn\/en\/wp-json\/wp\/v2\/comments?post=920"}],"wp:featuredmedia":[{"embeddable":true,"href":"https:\/\/greentek.vn\/en\/wp-json\/wp\/v2\/media\/854"}],"wp:attachment":[{"href":"https:\/\/greentek.vn\/en\/wp-json\/wp\/v2\/media?parent=920"}],"wp:term":[{"taxonomy":"product_cat","embeddable":true,"href":"https:\/\/greentek.vn\/en\/wp-json\/wp\/v2\/product_cat?post=920"},{"taxonomy":"product_tag","embeddable":true,"href":"https:\/\/greentek.vn\/en\/wp-json\/wp\/v2\/product_tag?post=920"}],"curies":[{"name":"wp","href":"https:\/\/api.w.org\/{rel}","templated":true}]}}