{"id":904,"date":"2023-11-30T06:59:17","date_gmt":"2023-11-30T06:59:17","guid":{"rendered":"https:\/\/greentek.vn\/san-pham\/machine-for-spraying-anti-corrosion-materials-on-floors\/"},"modified":"2023-11-30T06:59:17","modified_gmt":"2023-11-30T06:59:17","slug":"machine-for-spraying-anti-corrosion-materials-on-floors","status":"publish","type":"product","link":"https:\/\/greentek.vn\/en\/san-pham\/machine-for-spraying-anti-corrosion-materials-on-floors\/","title":{"rendered":"Machine for spraying anti-corrosion materials on floors"},"content":{"rendered":"<div class=\"force-stand-font\">\n<div class=\"force-stand-font\">\n<div class=\"force-stand-font\">\n<div class=\"force-stand-font\">\n<p>Phun hai th\u00e0nh ph\u1ea7n \u0111\u01b0\u1ee3c th\u1ef1c hi\u1ec7n d\u1ec5 d\u00e0ng v\u00e0 gi\u00e1 c\u1ea3 ph\u1ea3i ch\u0103ng. The XP-hf system combines the popular XP70 Sprayer with the powerful XL 10000 air motor. Combine these two technologies and you get more workflow \u2013 getting the job done faster and with less wear and tear. Engineered for more flow capacity, the Graco XP70-hf is great for applications where you want to spray with multiple guns or larger tip sizes. Flexible options for mix ratio, pressure and flow rate \u2013 choose the right system for the application. If you occasionally change materials, the Greentek XP Sprayers are the right choice. That\u2019s because you can change the ratio by simply changing out one or two pump lowers. Available in 1:1, 1.5:1, 2:1, 2.5:1, 3:1 and 4:1 mix ratios.<\/p>\n<p>High-pressure performance for two-part high-solids coatings.<\/p>\n<p>Reduced material waste<br \/>\nNo more throwing away unused mixed material at the end of the day<br \/>\nSave money by using less clean-up solvent<br \/>\nConsistent material quality &#8211; no more guesswork or human error in measuring materials<br \/>\nEasy to operate &#8211; minimal training required<br \/>\nReduced maintenance costs<br \/>\nRated for 7250 psi (500 bar, 50 MPa) to handle viscous materials and long hose lengths<\/p>\n<\/div>\n<\/div>\n<\/div>\n<\/div>\n","protected":false},"excerpt":{"rendered":"<p>Flooring contractors prefer Graco\u2019s floor coating sprayers for the line\u2019s ability to handle a mix of materials, including single-component epoxy paint, and plural-component polyurea and polyaspartic coatings. In far less time you can use a roller, Graco floor coating sprayers can lay down a perfect, smooth finish every time. These versatile sprayers are ideal for coating garage floors, basement flooring, warehouses, and other industrial floors.<\/p>\n<p>Reduced material waste<br \/>\nSave money by using less clean-up solvent<br \/>\nConsistent material quality &#8211; no more guesswork or human error in measuring materials<br \/>\nEasy to operate &#8211; minimal training required<br \/>\nReduced maintenance costs<\/p>\n","protected":false},"featured_media":839,"comment_status":"closed","ping_status":"closed","template":"","meta":{"site-sidebar-layout":"default","site-content-layout":"","ast-site-content-layout":"","site-content-style":"default","site-sidebar-style":"default","ast-global-header-display":"","ast-banner-title-visibility":"","ast-main-header-display":"","ast-hfb-above-header-display":"","ast-hfb-below-header-display":"","ast-hfb-mobile-header-display":"","site-post-title":"","ast-breadcrumbs-content":"","ast-featured-img":"","footer-sml-layout":"","theme-transparent-header-meta":"default","adv-header-id-meta":"","stick-header-meta":"","header-above-stick-meta":"","header-main-stick-meta":"","header-below-stick-meta":"","astra-migrate-meta-layouts":"","ast-page-background-enabled":"default","ast-page-background-meta":{"desktop":{"background-color":"","background-image":"","background-repeat":"repeat","background-position":"center center","background-size":"auto","background-attachment":"scroll","background-type":"","background-media":"","overlay-type":"","overlay-color":"","overlay-gradient":""},"tablet":{"background-color":"","background-image":"","background-repeat":"repeat","background-position":"center center","background-size":"auto","background-attachment":"scroll","background-type":"","background-media":"","overlay-type":"","overlay-color":"","overlay-gradient":""},"mobile":{"background-color":"","background-image":"","background-repeat":"repeat","background-position":"center center","background-size":"auto","background-attachment":"scroll","background-type":"","background-media":"","overlay-type":"","overlay-color":"","overlay-gradient":""}},"ast-content-background-meta":{"desktop":{"background-color":"var(--ast-global-color-5)","background-image":"","background-repeat":"repeat","background-position":"center center","background-size":"auto","background-attachment":"scroll","background-type":"","background-media":"","overlay-type":"","overlay-color":"","overlay-gradient":""},"tablet":{"background-color":"var(--ast-global-color-5)","background-image":"","background-repeat":"repeat","background-position":"center center","background-size":"auto","background-attachment":"scroll","background-type":"","background-media":"","overlay-type":"","overlay-color":"","overlay-gradient":""},"mobile":{"background-color":"var(--ast-global-color-5)","background-image":"","background-repeat":"repeat","background-position":"center center","background-size":"auto","background-attachment":"scroll","background-type":"","background-media":"","overlay-type":"","overlay-color":"","overlay-gradient":""}}},"product_cat":[54],"product_tag":[],"class_list":{"0":"post-904","1":"product","2":"type-product","3":"status-publish","4":"has-post-thumbnail","6":"product_cat-anti-corrosion-material-spraying-machine","7":"desktop-align-left","8":"tablet-align-left","9":"mobile-align-left","10":"ast-product-gallery-layout-horizontal-slider","11":"ast-product-gallery-with-no-image","12":"ast-magnify-disabled","13":"ast-product-tabs-layout-accordion","15":"first","16":"instock","17":"shipping-taxable","18":"product-type-simple"},"jetpack_sharing_enabled":true,"_links":{"self":[{"href":"https:\/\/greentek.vn\/en\/wp-json\/wp\/v2\/product\/904","targetHints":{"allow":["GET"]}}],"collection":[{"href":"https:\/\/greentek.vn\/en\/wp-json\/wp\/v2\/product"}],"about":[{"href":"https:\/\/greentek.vn\/en\/wp-json\/wp\/v2\/types\/product"}],"replies":[{"embeddable":true,"href":"https:\/\/greentek.vn\/en\/wp-json\/wp\/v2\/comments?post=904"}],"wp:featuredmedia":[{"embeddable":true,"href":"https:\/\/greentek.vn\/en\/wp-json\/wp\/v2\/media\/839"}],"wp:attachment":[{"href":"https:\/\/greentek.vn\/en\/wp-json\/wp\/v2\/media?parent=904"}],"wp:term":[{"taxonomy":"product_cat","embeddable":true,"href":"https:\/\/greentek.vn\/en\/wp-json\/wp\/v2\/product_cat?post=904"},{"taxonomy":"product_tag","embeddable":true,"href":"https:\/\/greentek.vn\/en\/wp-json\/wp\/v2\/product_tag?post=904"}],"curies":[{"name":"wp","href":"https:\/\/api.w.org\/{rel}","templated":true}]}}